{"id":5892,"date":"2020-07-02T08:59:52","date_gmt":"2020-07-02T06:59:52","guid":{"rendered":"https:\/\/www.apartment-zellamsee-kaprun.com\/home\/"},"modified":"2024-02-20T13:20:52","modified_gmt":"2024-02-20T12:20:52","slug":"home","status":"publish","type":"page","link":"https:\/\/www.apartment-zellamsee-kaprun.com\/nl\/","title":{"rendered":"Home"},"content":{"rendered":"\t\t<div data-elementor-type=\"wp-page\" data-elementor-id=\"5892\" class=\"elementor elementor-5892 elementor-6\">\n\t\t\t\t\t\t\t\t\t<section class=\"elementor-section elementor-top-section elementor-element elementor-element-6bad33d4 elementor-section-boxed elementor-section-height-default elementor-section-height-default\" data-id=\"6bad33d4\" data-element_type=\"section\">\n\t\t\t\t\t\t<div class=\"elementor-container elementor-column-gap-default\">\n\t\t\t\t\t<div class=\"elementor-column elementor-col-100 elementor-top-column elementor-element elementor-element-1d4c7ed1\" data-id=\"1d4c7ed1\" data-element_type=\"column\">\n\t\t\t<div class=\"elementor-widget-wrap elementor-element-populated\">\n\t\t\t\t\t\t\t\t<div class=\"elementor-element elementor-element-1a470ff9 elementor-widget elementor-widget-text-editor\" data-id=\"1a470ff9\" data-element_type=\"widget\" id=\"text\" data-widget_type=\"text-editor.default\">\n\t\t\t\t<div class=\"elementor-widget-container\">\n\t\t\t<style>\/*! elementor - v3.6.5 - 27-04-2022 *\/\n.elementor-widget-text-editor.elementor-drop-cap-view-stacked .elementor-drop-cap{background-color:#818a91;color:#fff}.elementor-widget-text-editor.elementor-drop-cap-view-framed .elementor-drop-cap{color:#818a91;border:3px solid;background-color:transparent}.elementor-widget-text-editor:not(.elementor-drop-cap-view-default) .elementor-drop-cap{margin-top:8px}.elementor-widget-text-editor:not(.elementor-drop-cap-view-default) .elementor-drop-cap-letter{width:1em;height:1em}.elementor-widget-text-editor .elementor-drop-cap{float:left;text-align:center;line-height:1;font-size:50px}.elementor-widget-text-editor .elementor-drop-cap-letter{display:inline-block}<\/style>\t\t\t\t<h1>  Landhuis Kitzblick<\/h1><h2>Gezellige en comfortabele appartementen in Piesendorf<\/h2><p>Gezellige en comfortabele appartementen in Piesendorf Ons landhuis ligt op een zuidhelling in de prachtige omgeving van de Zeller See en de Kitzsteinhorn. Hier vind je alle mogelijkheden voor een heerlijke vakantie in deze veelzijdige 4-seizoenenregio. De appartementen en kamers van Landhaus Kitzblick zijn ruim en goed uitgerust en hebben allemaal een terras of balkon. Deze accommodaties, evenals de gezellige ontbijtzaal, bieden een adembenemend uitzicht op de Kitzsteinhorn. Landhaus Kitzblick ligt in F\u00fcrth, zeer centraal tussen de gezellige stadjes Zell am See (3 km) en Kaprun (2 km). Er zijn talloze kleine winkeltjes, uitgaansgelegenheden en restaurants in beide steden. We kunnen ook een tafel voor je reserveren in verschillende restaurants<\/p><h3>Rust en ontspanning<\/h3><p>In de zomer kun je genieten van de rust op het zonneterras of in het verwarmde zwembad. In de winter kun je ontspannen in onze sauna. Onze regio biedt onbeperkte sportmogelijkheden zoals wandelen, fietsen, paragliden, raften, enz.<\/p><h3>Ski\u00ebn<\/h3><p>Landhaus Kitzblick is strategisch gelegen tussen verschillende skigebieden. Met de Ski Alpin Card kun je met slechts \u00e9\u00e9n skipas gebruikmaken van 408 pistekilometers in de regio&#8217;s Schmittenh\u00f6he in Zell am See en Kitzsteinhorn Kaprun Skicircus Saalbach Hinterglemm Leogang Fieberbrunn. Eindeloos plezier in de bergen staat je te wachten!<\/p>\t\t\t\t\t\t<\/div>\n\t\t\t\t<\/div>\n\t\t\t\t\t<\/div>\n\t\t<\/div>\n\t\t\t\t\t\t\t<\/div>\n\t\t<\/section>\n\t\t\t\t\t\t\t<\/div>\n\t\t","protected":false},"excerpt":{"rendered":"Landhuis Kitzblick Gezellige en comfortabele appartementen in Piesendorf Gezellige en comfortabele appartementen in Piesendorf Ons landhuis ligt op een zuidhelling in de prachtige omgeving van de Zeller See en de Kitzsteinhorn. Hier vind je alle mogelijkheden voor een heerlijke vakantie in deze veelzijdige 4-seizoenenregio. De appartementen en kamers van Landhaus Kitzblick zijn ruim en goed [&hellip;]","protected":false},"author":77,"featured_media":8,"parent":0,"menu_order":1,"comment_status":"closed","ping_status":"closed","template":"","meta":{"powered_cache_disable_cache":false,"powered_cache_disable_lazyload":false,"powered_cache_disable_css_optimization":false,"powered_cache_disable_js_optimization":false},"acf":[],"_links":{"self":[{"href":"https:\/\/www.apartment-zellamsee-kaprun.com\/nl\/wp-json\/wp\/v2\/pages\/5892"}],"collection":[{"href":"https:\/\/www.apartment-zellamsee-kaprun.com\/nl\/wp-json\/wp\/v2\/pages"}],"about":[{"href":"https:\/\/www.apartment-zellamsee-kaprun.com\/nl\/wp-json\/wp\/v2\/types\/page"}],"author":[{"embeddable":true,"href":"https:\/\/www.apartment-zellamsee-kaprun.com\/nl\/wp-json\/wp\/v2\/users\/77"}],"replies":[{"embeddable":true,"href":"https:\/\/www.apartment-zellamsee-kaprun.com\/nl\/wp-json\/wp\/v2\/comments?post=5892"}],"version-history":[{"count":0,"href":"https:\/\/www.apartment-zellamsee-kaprun.com\/nl\/wp-json\/wp\/v2\/pages\/5892\/revisions"}],"wp:featuredmedia":[{"embeddable":true,"href":"https:\/\/www.apartment-zellamsee-kaprun.com\/nl\/wp-json\/wp\/v2\/media\/8"}],"wp:attachment":[{"href":"https:\/\/www.apartment-zellamsee-kaprun.com\/nl\/wp-json\/wp\/v2\/media?parent=5892"}],"curies":[{"name":"wp","href":"https:\/\/api.w.org\/{rel}","templated":true}]}}